{"id":14468,"date":"2014-03-28T10:11:36","date_gmt":"2014-03-28T10:11:36","guid":{"rendered":"http:\/\/demo.qodeinteractive.com\/bridge\/?page_id=14468"},"modified":"2020-12-15T23:29:47","modified_gmt":"2020-12-15T23:29:47","slug":"home","status":"publish","type":"page","link":"https:\/\/www.cedece.mx\/en\/","title":{"rendered":"Home 1"},"content":{"rendered":"<div id=\"nosotros\"     class=\"vc_row wpb_row section vc_row-fluid  grid_section\" style='background-color:#ffffff; padding-top:87px; padding-bottom:34px; text-align:left;'><div class=\"section_inner clearfix\"><div class='section_inner_margin clearfix'><div class=\"wpb_column vc_column_container vc_col-sm-12\"><div class=\"vc_column-inner\"><div class=\"wpb_wrapper\">\n\t<div class=\"wpb_text_column wpb_content_element\">\n\t\t<div class=\"wpb_wrapper\">\n\t\t\t<h2 style=\"text-align: center;\">ABOUT US<\/h2>\n\n\t\t<\/div> \n\t<\/div> <div class=\"separator  small center\" style=\"margin-top: 7px;margin-bottom: 38px;\"><\/div>\n\n\t<div class=\"wpb_text_column wpb_content_element\">\n\t\t<div class=\"wpb_wrapper\">\n\t\t\t<h4 align=\"center\">We carry out 100% personalized e-Learning projects combining a great variety of the most innovative technological and audiovisual resources.<\/h4>\n<h4 align=\"center\">Choose the type of course, degree of interactivity, type of navigation and form of distribution that your organization needs.<\/h4>\n<h4 align=\"center\">There are a lot of solutions, but only one is right for your organization.<\/h4>\n\n\t\t<\/div> \n\t<\/div> <div class=\"separator  transparent\" style=\"margin-top: 35px;margin-bottom: 22px;\"><\/div>\n\n\t<div class=\"wpb_single_image wpb_content_element vc_align_center  element_from_bottom\"><div style=\"-webkit-animation-delay:0.3s; animation-delay:0.3s; -webkit-transition-delay:0.3s; transition-delay:0.3s\">\n\t\t<div class=\"wpb_wrapper\">\n\t\t\t\n\t\t\t<div class=\"vc_single_image-wrapper   vc_box_border_grey\"><img loading=\"lazy\" decoding=\"async\" width=\"4920\" height=\"2553\" src=\"https:\/\/www.cedece.mx\/wp-content\/uploads\/2020\/12\/SOBRE-NOSOTROS-INGLES-02.png\" class=\"vc_single_image-img attachment-full\" alt=\"\" srcset=\"https:\/\/www.cedece.mx\/wp-content\/uploads\/2020\/12\/SOBRE-NOSOTROS-INGLES-02.png 4921w, https:\/\/www.cedece.mx\/wp-content\/uploads\/2020\/12\/SOBRE-NOSOTROS-INGLES-02-300x156.png 300w, https:\/\/www.cedece.mx\/wp-content\/uploads\/2020\/12\/SOBRE-NOSOTROS-INGLES-02-1024x531.png 1024w, https:\/\/www.cedece.mx\/wp-content\/uploads\/2020\/12\/SOBRE-NOSOTROS-INGLES-02-768x399.png 768w, https:\/\/www.cedece.mx\/wp-content\/uploads\/2020\/12\/SOBRE-NOSOTROS-INGLES-02-1536x797.png 1536w, https:\/\/www.cedece.mx\/wp-content\/uploads\/2020\/12\/SOBRE-NOSOTROS-INGLES-02-2048x1063.png 2048w, https:\/\/www.cedece.mx\/wp-content\/uploads\/2020\/12\/SOBRE-NOSOTROS-INGLES-02-16x8.png 16w, https:\/\/www.cedece.mx\/wp-content\/uploads\/2020\/12\/SOBRE-NOSOTROS-INGLES-02-700x363.png 700w\" sizes=\"auto, (max-width: 4920px) 100vw, 4920px\" \/><\/div>\n\t\t<\/div><\/div>\n\t<\/div>\n<div class=\"separator  transparent\" style=\"margin-top: -35px;margin-bottom: 0px;\"><\/div>\n<\/div><\/div><\/div><\/div><\/div><\/div><div id=\"servicios\"  data-q_id=\"#portfolio\"    class=\"vc_row wpb_row section vc_row-fluid  grid_section\" style=' padding-top:52px; padding-bottom:0px; text-align:left;'><div class=\"section_inner clearfix\"><div class='section_inner_margin clearfix'><div class=\"wpb_column vc_column_container vc_col-sm-12\"><div class=\"vc_column-inner\"><div class=\"wpb_wrapper\">\n\t<div class=\"wpb_text_column wpb_content_element\">\n\t\t<div class=\"wpb_wrapper\">\n\t\t\t<h2 style=\"text-align: center;\">OUR SERVICES<\/h2>\n\n\t\t<\/div> \n\t<\/div> <div class=\"separator  small center\" style=\"margin-top: 7px;margin-bottom: 45px;\"><\/div>\n<\/div><\/div><\/div><\/div><\/div><\/div><div   data-q_id=\"#gallery\"    class=\"vc_row wpb_row section vc_row-fluid\" style=' text-align:left;'><div class=\"full_section_inner clearfix\"><div class=\"wpb_column vc_column_container vc_col-sm-4\"><div class=\"vc_column-inner\"><div class=\"wpb_wrapper\"><div class='q_icon_with_title large normal_icon center qode_iwt_hover_enabled'><div class=\"icon_holder\" style=\" \"><a itemprop=\"url\" href=\"https:\/\/www.cedece.mx\/en\/hospedajeespecializado\/\" target=\"\" class=\"q_icon_link\"><span data-icon-type=\"normal\"  data-icon-hover-color=\"#ee3935\" style=\"\" class=\"qode_iwt_icon_holder q_font_awsome_icon fa-4x\"><i class=\"qode_icon_font_awesome fa fa-cloud-upload qode_iwt_icon_element\" style=\"color: #26c5ea;\" ><\/i><\/span><\/a><\/div><div class=\"icon_text_holder\" style=\"\"><div class=\"icon_text_inner\" style=\"\"><h5 class=\"icon_title\" style=\"\">SPECIALIZED HOSTING IN LEARNING SYSTEMS<\/h5><p style=''><\/p><a itemprop='url' class='icon_with_title_link' href='https:\/\/www.cedece.mx\/en\/hospedajeespecializado\/' target='_self' style='color: #26c5ea;'>READ MORE<\/a><\/div><\/div><\/div><\/div><\/div><\/div><div class=\"wpb_column vc_column_container vc_col-sm-4\"><div class=\"vc_column-inner\"><div class=\"wpb_wrapper\"><div class='q_icon_with_title large normal_icon center qode_iwt_hover_enabled'><div class=\"icon_holder\" style=\" \"><a itemprop=\"url\" href=\"https:\/\/www.cedece.mx\/en\/disenoelearning\/\" target=\"\" class=\"q_icon_link\"><span data-icon-type=\"normal\"  data-icon-hover-color=\"#ee3935\" style=\"\" class=\"qode_iwt_icon_holder q_font_awsome_icon fa-4x\"><i class=\"qode_icon_font_awesome fa fa-paint-brush qode_iwt_icon_element\" style=\"color: #26c5ea;\" ><\/i><\/span><\/a><\/div><div class=\"icon_text_holder\" style=\"\"><div class=\"icon_text_inner\" style=\"\"><h5 class=\"icon_title\" style=\"\">DESIGN OF CUSTOMIZED E-LEARNING COURSES<\/h5><p style=''><\/p><a itemprop='url' class='icon_with_title_link' href='https:\/\/www.cedece.mx\/en\/disenoelearning\/' target='_self' style='color: #26c5ea;'>READ MORE<\/a><\/div><\/div><\/div><\/div><\/div><\/div><div class=\"wpb_column vc_column_container vc_col-sm-4\"><div class=\"vc_column-inner\"><div class=\"wpb_wrapper\"><div class='q_icon_with_title large normal_icon center qode_iwt_hover_enabled'><div class=\"icon_holder\" style=\" \"><a itemprop=\"url\" href=\"https:\/\/www.cedece.mx\/en\/consultoria\/\" target=\"\" class=\"q_icon_link\"><span data-icon-type=\"normal\"  data-icon-hover-color=\"#ee3935\" style=\"\" class=\"qode_iwt_icon_holder q_font_awsome_icon fa-4x\"><i class=\"qode_icon_font_awesome fa fa-users qode_iwt_icon_element\" style=\"color: #26c5ea;\" ><\/i><\/span><\/a><\/div><div class=\"icon_text_holder\" style=\"\"><div class=\"icon_text_inner\" style=\"\"><h5 class=\"icon_title\" style=\"\">CONSULTING<\/h5><p style=''><\/p><a itemprop='url' class='icon_with_title_link' href='https:\/\/www.cedece.mx\/en\/consultoria\/' target='_self' style='color: #26c5ea;'>READ MORE<\/a><\/div><\/div><\/div><\/div><\/div><\/div><\/div><\/div><div      class=\"vc_row wpb_row section vc_row-fluid  grid_section\" style=' padding-top:54px; padding-bottom:58px; text-align:left;'><div class=\"section_inner clearfix\"><div class='section_inner_margin clearfix'><div class=\"wpb_column vc_column_container vc_col-sm-12\"><div class=\"vc_column-inner\"><div class=\"wpb_wrapper\"><\/div><\/div><\/div><\/div><\/div><\/div><div      class=\"vc_row wpb_row section vc_row-fluid  grid_section\" style='background-color:#ffffff; padding-top:77px; padding-bottom:48px; text-align:left;'><div class=\"section_inner clearfix\"><div class='section_inner_margin clearfix'><div class=\"wpb_column vc_column_container vc_col-sm-4\"><div class=\"vc_column-inner\"><div class=\"wpb_wrapper\"><div      class=\"vc_row wpb_row section vc_row-fluid vc_inner\" style=' text-align:right;'><div class=\"full_section_inner clearfix\"><div class=\"wpb_column vc_column_container vc_col-sm-12\"><div class=\"vc_column-inner\"><div class=\"wpb_wrapper\">\n\t<div class=\"wpb_single_image wpb_content_element vc_align_center  element_from_left\"><div style=\"-webkit-animation-delay:0.3s; animation-delay:0.3s; -webkit-transition-delay:0.3s; transition-delay:0.3s\">\n\t\t<div class=\"wpb_wrapper\">\n\t\t\t\n\t\t\t<div class=\"vc_single_image-wrapper   vc_box_border_grey\"><img loading=\"lazy\" decoding=\"async\" width=\"2194\" height=\"2553\" src=\"https:\/\/www.cedece.mx\/wp-content\/uploads\/2020\/11\/NUESTRA-PROPUESTA-06.png\" class=\"vc_single_image-img attachment-full\" alt=\"\" srcset=\"https:\/\/www.cedece.mx\/wp-content\/uploads\/2020\/11\/NUESTRA-PROPUESTA-06.png 2194w, https:\/\/www.cedece.mx\/wp-content\/uploads\/2020\/11\/NUESTRA-PROPUESTA-06-258x300.png 258w, https:\/\/www.cedece.mx\/wp-content\/uploads\/2020\/11\/NUESTRA-PROPUESTA-06-880x1024.png 880w, https:\/\/www.cedece.mx\/wp-content\/uploads\/2020\/11\/NUESTRA-PROPUESTA-06-768x894.png 768w, https:\/\/www.cedece.mx\/wp-content\/uploads\/2020\/11\/NUESTRA-PROPUESTA-06-1320x1536.png 1320w, https:\/\/www.cedece.mx\/wp-content\/uploads\/2020\/11\/NUESTRA-PROPUESTA-06-1760x2048.png 1760w, https:\/\/www.cedece.mx\/wp-content\/uploads\/2020\/11\/NUESTRA-PROPUESTA-06-10x12.png 10w, https:\/\/www.cedece.mx\/wp-content\/uploads\/2020\/11\/NUESTRA-PROPUESTA-06-700x815.png 700w\" sizes=\"auto, (max-width: 2194px) 100vw, 2194px\" \/><\/div>\n\t\t<\/div><\/div>\n\t<\/div>\n<div class=\"separator  transparent\" style=\"margin-top: 21px;margin-bottom: 0px;\"><\/div>\n<\/div><\/div><\/div><\/div><\/div><\/div><\/div><\/div><div class=\"wpb_column vc_column_container vc_col-sm-8\"><div class=\"vc_column-inner\"><div class=\"wpb_wrapper\"><div class=\"separator  transparent\" style=\"margin-top: 12px;margin-bottom: 0px;\"><\/div>\n\n\t<div class=\"wpb_text_column wpb_content_element\">\n\t\t<div class=\"wpb_wrapper\">\n\t\t\t<h2 style=\"text-align: left;\">OUR PROPOSAL<\/h2>\n\n\t\t<\/div> \n\t<\/div> <div class=\"separator  small left\" style=\"margin-top: 7px;margin-bottom: 38px;\"><\/div>\n\n\t<div class=\"wpb_text_column wpb_content_element\">\n\t\t<div class=\"wpb_wrapper\">\n\t\t\t<p>For us, each project is <b>UNIQUE!<br \/>\n<\/b><\/p>\n<div class=\"page\" title=\"Page 6\">\n<div class=\"layoutArea\">\n<div class=\"column\">\n<p>OUR SERVICES WILL ALLOW YOU:<\/p>\n<p>\u2022 Fulfill your objectives set for each course, since we have experts in instructional design and pedagogy<\/p>\n<p>\u2022 Focus on your main business<\/p>\n<p>\u2022 Achieve savings in training costs, travel expenses, productivity manhours, updating material, etc.<\/p>\n<p>\u2022 Have modern, personalized and interactive educational processes<\/p>\n<p>\u2022 Increase the sales volume of your courses<\/p>\n<\/div>\n<\/div>\n<\/div>\n\n\t\t<\/div> \n\t<\/div> <div class=\"separator  transparent\" style=\"margin-top: 41px;margin-bottom: 0px;\"><\/div>\n<a  itemprop=\"url\" href=\"https:\/\/www.cedece.mx\/en\/contact\/\" target=\"_self\"  class=\"qbutton  default\" style=\"\">ASK FOR MORE INFORMATION<\/a><div class=\"separator  transparent\" style=\"margin-top: 59px;margin-bottom: 0px;\"><\/div>\n<\/div><\/div><\/div><\/div><\/div><\/div><div      class=\"vc_row wpb_row section vc_row-fluid\" style=' padding-top:52px; text-align:left;'><div class=\"full_section_inner clearfix\"><div class=\"wpb_column vc_column_container vc_col-sm-12\"><div class=\"vc_column-inner\"><div class=\"wpb_wrapper\">\n\t<div class=\"wpb_text_column wpb_content_element\">\n\t\t<div class=\"wpb_wrapper\">\n\t\t\t<h2 style=\"text-align: center;\">WE OFFER YOU<\/h2>\n\n\t\t<\/div> \n\t<\/div> <div class=\"separator  small center\" style=\"margin-top: 7px;margin-bottom: 45px;\"><\/div>\n<div class=\"wpb_gallery wpb_content_element vc_clearfix frame_holder\"><div class=\"wpb_wrapper\"><div class=\"wpb_gallery_slides wpb_flexslider flexslider_slide flexslider have_frame\" data-interval=\"3\" data-flex_fx=\"slide\"><ul class=\"slides\"><li><a itemprop=\"image\" class=\"qode-prettyphoto\" href=\"https:\/\/www.cedece.mx\/wp-content\/uploads\/2020\/11\/TE-OFRECEMOS_Mesa-de-trabajo-1-1024x683.png\" data-rel=\"prettyPhoto[rel-14468-1788470739]\"><img loading=\"lazy\" decoding=\"async\" width=\"1251\" height=\"834\" src=\"https:\/\/www.cedece.mx\/wp-content\/uploads\/2020\/11\/TE-OFRECEMOS_Mesa-de-trabajo-1.png\" class=\"attachment-full\" alt=\"\" srcset=\"https:\/\/www.cedece.mx\/wp-content\/uploads\/2020\/11\/TE-OFRECEMOS_Mesa-de-trabajo-1.png 1251w, https:\/\/www.cedece.mx\/wp-content\/uploads\/2020\/11\/TE-OFRECEMOS_Mesa-de-trabajo-1-300x200.png 300w, https:\/\/www.cedece.mx\/wp-content\/uploads\/2020\/11\/TE-OFRECEMOS_Mesa-de-trabajo-1-1024x683.png 1024w, https:\/\/www.cedece.mx\/wp-content\/uploads\/2020\/11\/TE-OFRECEMOS_Mesa-de-trabajo-1-768x512.png 768w, https:\/\/www.cedece.mx\/wp-content\/uploads\/2020\/11\/TE-OFRECEMOS_Mesa-de-trabajo-1-16x12.png 16w, https:\/\/www.cedece.mx\/wp-content\/uploads\/2020\/11\/TE-OFRECEMOS_Mesa-de-trabajo-1-700x467.png 700w\" sizes=\"auto, (max-width: 1251px) 100vw, 1251px\" \/><\/a><\/li><li><a itemprop=\"image\" class=\"qode-prettyphoto\" href=\"https:\/\/www.cedece.mx\/wp-content\/uploads\/2020\/11\/TE-OFRECEMOS_Mesa-de-trabajo-1-copia-4-1024x683.png\" data-rel=\"prettyPhoto[rel-14468-1788470739]\"><img loading=\"lazy\" decoding=\"async\" width=\"1251\" height=\"834\" src=\"https:\/\/www.cedece.mx\/wp-content\/uploads\/2020\/11\/TE-OFRECEMOS_Mesa-de-trabajo-1-copia-4.png\" class=\"attachment-full\" alt=\"\" srcset=\"https:\/\/www.cedece.mx\/wp-content\/uploads\/2020\/11\/TE-OFRECEMOS_Mesa-de-trabajo-1-copia-4.png 1251w, https:\/\/www.cedece.mx\/wp-content\/uploads\/2020\/11\/TE-OFRECEMOS_Mesa-de-trabajo-1-copia-4-300x200.png 300w, https:\/\/www.cedece.mx\/wp-content\/uploads\/2020\/11\/TE-OFRECEMOS_Mesa-de-trabajo-1-copia-4-1024x683.png 1024w, https:\/\/www.cedece.mx\/wp-content\/uploads\/2020\/11\/TE-OFRECEMOS_Mesa-de-trabajo-1-copia-4-768x512.png 768w, https:\/\/www.cedece.mx\/wp-content\/uploads\/2020\/11\/TE-OFRECEMOS_Mesa-de-trabajo-1-copia-4-16x12.png 16w, https:\/\/www.cedece.mx\/wp-content\/uploads\/2020\/11\/TE-OFRECEMOS_Mesa-de-trabajo-1-copia-4-700x467.png 700w\" sizes=\"auto, (max-width: 1251px) 100vw, 1251px\" \/><\/a><\/li><li><a itemprop=\"image\" class=\"qode-prettyphoto\" href=\"https:\/\/www.cedece.mx\/wp-content\/uploads\/2020\/11\/TE-OFRECEMOS_Mesa-de-trabajo-1-copia-5-1024x683.png\" data-rel=\"prettyPhoto[rel-14468-1788470739]\"><img loading=\"lazy\" decoding=\"async\" width=\"1251\" height=\"834\" src=\"https:\/\/www.cedece.mx\/wp-content\/uploads\/2020\/11\/TE-OFRECEMOS_Mesa-de-trabajo-1-copia-5.png\" class=\"attachment-full\" alt=\"\" srcset=\"https:\/\/www.cedece.mx\/wp-content\/uploads\/2020\/11\/TE-OFRECEMOS_Mesa-de-trabajo-1-copia-5.png 1251w, https:\/\/www.cedece.mx\/wp-content\/uploads\/2020\/11\/TE-OFRECEMOS_Mesa-de-trabajo-1-copia-5-300x200.png 300w, https:\/\/www.cedece.mx\/wp-content\/uploads\/2020\/11\/TE-OFRECEMOS_Mesa-de-trabajo-1-copia-5-1024x683.png 1024w, https:\/\/www.cedece.mx\/wp-content\/uploads\/2020\/11\/TE-OFRECEMOS_Mesa-de-trabajo-1-copia-5-768x512.png 768w, https:\/\/www.cedece.mx\/wp-content\/uploads\/2020\/11\/TE-OFRECEMOS_Mesa-de-trabajo-1-copia-5-16x12.png 16w, https:\/\/www.cedece.mx\/wp-content\/uploads\/2020\/11\/TE-OFRECEMOS_Mesa-de-trabajo-1-copia-5-700x467.png 700w\" sizes=\"auto, (max-width: 1251px) 100vw, 1251px\" \/><\/a><\/li><li><a itemprop=\"image\" class=\"qode-prettyphoto\" href=\"https:\/\/www.cedece.mx\/wp-content\/uploads\/2020\/11\/TE-OFRECEMOS_Mesa-de-trabajo-1-copia-6-1024x682.png\" data-rel=\"prettyPhoto[rel-14468-1788470739]\"><img loading=\"lazy\" decoding=\"async\" width=\"1251\" height=\"833\" src=\"https:\/\/www.cedece.mx\/wp-content\/uploads\/2020\/11\/TE-OFRECEMOS_Mesa-de-trabajo-1-copia-6.png\" class=\"attachment-full\" alt=\"\" srcset=\"https:\/\/www.cedece.mx\/wp-content\/uploads\/2020\/11\/TE-OFRECEMOS_Mesa-de-trabajo-1-copia-6.png 1251w, https:\/\/www.cedece.mx\/wp-content\/uploads\/2020\/11\/TE-OFRECEMOS_Mesa-de-trabajo-1-copia-6-300x200.png 300w, https:\/\/www.cedece.mx\/wp-content\/uploads\/2020\/11\/TE-OFRECEMOS_Mesa-de-trabajo-1-copia-6-1024x682.png 1024w, https:\/\/www.cedece.mx\/wp-content\/uploads\/2020\/11\/TE-OFRECEMOS_Mesa-de-trabajo-1-copia-6-768x511.png 768w, https:\/\/www.cedece.mx\/wp-content\/uploads\/2020\/11\/TE-OFRECEMOS_Mesa-de-trabajo-1-copia-6-16x12.png 16w, https:\/\/www.cedece.mx\/wp-content\/uploads\/2020\/11\/TE-OFRECEMOS_Mesa-de-trabajo-1-copia-6-700x466.png 700w\" sizes=\"auto, (max-width: 1251px) 100vw, 1251px\" \/><\/a><\/li><\/ul><\/div><div class='gallery_frame'><img itemprop='image' src='https:\/\/www.cedece.mx\/wp-content\/uploads\/2020\/12\/14-14.png'\/><\/div><\/div><\/div><\/div><\/div><\/div><\/div><\/div>","protected":false},"excerpt":{"rendered":"SOBRE NOSOTROS Realizamos proyectos e-Learning 100% personalizados combinando una gran variedad de los recursos tecnol\u00f3gicos y audiovisuales m\u00e1s innovadores. Elige el tipo de curso, grado de interactividad, tipo de navegaci\u00f3n y forma de distribuci\u00f3n que tu organizaci\u00f3n necesite. Existe una gran cantidad de soluciones, pero...","protected":false},"author":2,"featured_media":0,"parent":0,"menu_order":0,"comment_status":"open","ping_status":"closed","template":"full_width.php","meta":{"_joinchat":[],"footnotes":""},"class_list":["post-14468","page","type-page","status-publish","hentry"],"_links":{"self":[{"href":"https:\/\/www.cedece.mx\/en\/wp-json\/wp\/v2\/pages\/14468","targetHints":{"allow":["GET"]}}],"collection":[{"href":"https:\/\/www.cedece.mx\/en\/wp-json\/wp\/v2\/pages"}],"about":[{"href":"https:\/\/www.cedece.mx\/en\/wp-json\/wp\/v2\/types\/page"}],"author":[{"embeddable":true,"href":"https:\/\/www.cedece.mx\/en\/wp-json\/wp\/v2\/users\/2"}],"replies":[{"embeddable":true,"href":"https:\/\/www.cedece.mx\/en\/wp-json\/wp\/v2\/comments?post=14468"}],"version-history":[{"count":48,"href":"https:\/\/www.cedece.mx\/en\/wp-json\/wp\/v2\/pages\/14468\/revisions"}],"predecessor-version":[{"id":15261,"href":"https:\/\/www.cedece.mx\/en\/wp-json\/wp\/v2\/pages\/14468\/revisions\/15261"}],"wp:attachment":[{"href":"https:\/\/www.cedece.mx\/en\/wp-json\/wp\/v2\/media?parent=14468"}],"curies":[{"name":"wp","href":"https:\/\/api.w.org\/{rel}","templated":true}]}}