{"id":13383,"date":"2014-03-24T10:32:19","date_gmt":"2014-03-24T10:32:19","guid":{"rendered":"http:\/\/demo.qodeinteractive.com\/bridge\/?page_id=13383"},"modified":"2020-12-05T00:23:02","modified_gmt":"2020-12-05T00:23:02","slug":"disenoelearning","status":"publish","type":"page","link":"https:\/\/www.cedece.mx\/en\/disenoelearning\/","title":{"rendered":"DESIGN OF E-LEARNING COURSES TO YOUR MEASURE"},"content":{"rendered":"<div      class=\"vc_row wpb_row section vc_row-fluid  grid_section\" style=' padding-top:87px; padding-bottom:0px; text-align:left;'><div class=\"section_inner clearfix\"><div class='section_inner_margin clearfix'><div class=\"wpb_column vc_column_container vc_col-sm-12\"><div class=\"vc_column-inner\"><div class=\"wpb_wrapper\"><div class=\"separator  small center\" style=\"margin-top: 7px;margin-bottom: 38px;\"><\/div>\n\n\t<div class=\"wpb_text_column wpb_content_element\">\n\t\t<div class=\"wpb_wrapper\">\n\t\t\t<p align=\"left\"><b>We use the most innovative technological tools in digital education to design, implement and manage e-Learning projects ... Let us know your needs to offer you a totally personalized solution.<\/b><\/p>\n\n\t\t<\/div> \n\t<\/div> <div class=\"separator  transparent\" style=\"margin-top: 31px;margin-bottom: 19px;\"><\/div>\n\n\t<div class=\"wpb_text_column wpb_content_element\">\n\t\t<div class=\"wpb_wrapper\">\n\t\t\t<p align=\"left\"><b>INTERACTIVE E-LEARNING DESIGN PROCESS<\/b><\/p>\n\n\t\t<\/div> \n\t<\/div> <div class=\"separator  transparent\" style=\"margin-top: 31px;margin-bottom: 19px;\"><\/div>\n\n\t<div class=\"q_accordion_holder clearfix wpb_content_element accordion without_icon  not-column-inherit\" data-active-tab=\"\" data-collapsible=\"no\" data-border-radius=\"\">\n\t\t\t\n\t\t\t\t<h5 class=\"clearfix title-holder\" style=\"color: #ffffff; background-color: #0694cc;\"><span class=\"accordion_mark left_mark\"><span class=\"accordion_mark_icon\"><\/span><\/span><span class=\"tab-title\">1 WE IDENTIFY YOUR NEEDS<\/span><span class=\"accordion_mark right_mark\"><span class=\"accordion_mark_icon\"><\/span><\/span><\/h5>\n\t\t\t\t<div  class=\"accordion_content no_icon\">\n\t\t\t<div class=\"accordion_content_inner\">\n\t\t\t\t\n\t<div class=\"wpb_text_column wpb_content_element\">\n\t\t<div class=\"wpb_wrapper\">\n\t\t\t<ul>\n<li><b>We explore what you need, why and for what<\/b><\/li>\n<\/ul>\n\n\t\t<\/div> \n\t<\/div> \n\t\t\t<\/div>\n\t\t\t\t<\/div>\n\n\t\t\t\t<h5 class=\"clearfix title-holder\" style=\"color: #ffffff; background-color: #0694cc;\"><span class=\"accordion_mark left_mark\"><span class=\"accordion_mark_icon\"><\/span><\/span><span class=\"tab-title\">2 WE PREPARE THE PROPOSAL<\/span><span class=\"accordion_mark right_mark\"><span class=\"accordion_mark_icon\"><\/span><\/span><\/h5>\n\t\t\t\t<div  class=\"accordion_content no_icon\">\n\t\t\t<div class=\"accordion_content_inner\">\n\t\t\t\t\n\t<div class=\"wpb_text_column wpb_content_element\">\n\t\t<div class=\"wpb_wrapper\">\n\t\t\t<ul>\n<li><b>We define the best solution for your organization<\/b><\/li>\n<\/ul>\n\n\t\t<\/div> \n\t<\/div> \n\t\t\t<\/div>\n\t\t\t\t<\/div>\n\n\t\t\t\t<h5 class=\"clearfix title-holder\" style=\"color: #ffffff; background-color: #0694cc;\"><span class=\"accordion_mark left_mark\"><span class=\"accordion_mark_icon\"><\/span><\/span><span class=\"tab-title\">3 WE DEFINE THE WORK PLAN<\/span><span class=\"accordion_mark right_mark\"><span class=\"accordion_mark_icon\"><\/span><\/span><\/h5>\n\t\t\t\t<div  class=\"accordion_content no_icon\">\n\t\t\t<div class=\"accordion_content_inner\">\n\t\t\t\t\n\t<div class=\"wpb_text_column wpb_content_element\">\n\t\t<div class=\"wpb_wrapper\">\n\t\t\t<ul>\n<li><b>We establish dates and deliverables<\/b><\/li>\n<\/ul>\n\n\t\t<\/div> \n\t<\/div> \n\t\t\t<\/div>\n\t\t\t\t<\/div>\n\n\t\t\t\t<h5 class=\"clearfix title-holder\" style=\"color: #ffffff; background-color: #0694cc;\"><span class=\"accordion_mark left_mark\"><span class=\"accordion_mark_icon\"><\/span><\/span><span class=\"tab-title\">4 WE WORK ON THE INSTRUCTIONAL DESIGN<\/span><span class=\"accordion_mark right_mark\"><span class=\"accordion_mark_icon\"><\/span><\/span><\/h5>\n\t\t\t\t<div  class=\"accordion_content no_icon\">\n\t\t\t<div class=\"accordion_content_inner\">\n\t\t\t\t\n\t<div class=\"wpb_text_column wpb_content_element\">\n\t\t<div class=\"wpb_wrapper\">\n\t\t\t<ul>\n<li><b>We take the existing contents and give them the appropriate pedagogical treatment<\/b><\/li>\n<\/ul>\n\n\t\t<\/div> \n\t<\/div> \n\t\t\t<\/div>\n\t\t\t\t<\/div>\n\n\t\t\t\t<h5 class=\"clearfix title-holder\" style=\"color: #ffffff; background-color: #0694cc;\"><span class=\"accordion_mark left_mark\"><span class=\"accordion_mark_icon\"><\/span><\/span><span class=\"tab-title\">5 WE WORK ON MULTIMEDIA DESIGN<\/span><span class=\"accordion_mark right_mark\"><span class=\"accordion_mark_icon\"><\/span><\/span><\/h5>\n\t\t\t\t<div  class=\"accordion_content no_icon\">\n\t\t\t<div class=\"accordion_content_inner\">\n\t\t\t\t\n\t<div class=\"wpb_text_column wpb_content_element\">\n\t\t<div class=\"wpb_wrapper\">\n\t\t\t<ul>\n<li><b>We work on the ideal multimedia resources according to the objectives set<\/b><\/li>\n<\/ul>\n\n\t\t<\/div> \n\t<\/div> \n\t\t\t<\/div>\n\t\t\t\t<\/div>\n\n\t\t\t\t<h5 class=\"clearfix title-holder\" style=\"color: #ffffff; background-color: #0694cc;\"><span class=\"accordion_mark left_mark\"><span class=\"accordion_mark_icon\"><\/span><\/span><span class=\"tab-title\">6 WE VALIDATE THE CONTENT AND MULTIMEDIA RESOURCES<\/span><span class=\"accordion_mark right_mark\"><span class=\"accordion_mark_icon\"><\/span><\/span><\/h5>\n\t\t\t\t<div  class=\"accordion_content no_icon\">\n\t\t\t<div class=\"accordion_content_inner\">\n\t\t\t\t\n\t<div class=\"wpb_text_column wpb_content_element\">\n\t\t<div class=\"wpb_wrapper\">\n\t\t\t<ul>\n<li><b>We ensure that the content and graphic design are correctly worked<\/b><\/li>\n<\/ul>\n\n\t\t<\/div> \n\t<\/div> \n\t\t\t<\/div>\n\t\t\t\t<\/div>\n\n\t\t\t\t<h5 class=\"clearfix title-holder\" style=\"color: #ffffff; background-color: #0694cc;\"><span class=\"accordion_mark left_mark\"><span class=\"accordion_mark_icon\"><\/span><\/span><span class=\"tab-title\">7 WE MAKE THE FINAL DELIVERY OF THE PROJECT<\/span><span class=\"accordion_mark right_mark\"><span class=\"accordion_mark_icon\"><\/span><\/span><\/h5>\n\t\t\t\t<div  class=\"accordion_content no_icon\">\n\t\t\t<div class=\"accordion_content_inner\">\n\t\t\t\t\n\t<div class=\"wpb_text_column wpb_content_element\">\n\t\t<div class=\"wpb_wrapper\">\n\t\t\t<ul>\n<li><b>We carry out the necessary tests to verify the functionality and according to<\/b><\/li>\n<\/ul>\n\n\t\t<\/div> \n\t<\/div> \n\t\t\t<\/div>\n\t\t\t\t<\/div>\n\n\t<\/div> <\/div><\/div><\/div><\/div><\/div><\/div><div      class=\"vc_row wpb_row section vc_row-fluid  custom_color grid_section\" style='background-color:#ffffff; padding-top:87px; padding-bottom:81px; text-align:left;'><div class=\"section_inner clearfix\"><div class='section_inner_margin clearfix'><div class=\"wpb_column vc_column_container vc_col-sm-12\"><div class=\"vc_column-inner\"><div class=\"wpb_wrapper\">\n\t<div class=\"wpb_text_column wpb_content_element\">\n\t\t<div class=\"wpb_wrapper\">\n\t\t\t<h2 style=\"text-align: center;\">TYPES OF RESOURCES<\/h2>\n\n\t\t<\/div> \n\t<\/div> <div class=\"separator  small center\" style=\"margin-top: 7px;margin-bottom: 35px;\"><\/div>\n\n\t<div class=\"wpb_text_column wpb_content_element\">\n\t\t<div class=\"wpb_wrapper\">\n\t\t\t<p><b>We have a wide variety of multimedia resources:<\/b><\/p>\n<ul>\n<li><b>Infographics<\/b><\/li>\n<li><b>Animated videos and live actions<\/b><\/li>\n<li><b>Tutorials<\/b><\/li>\n<li><b>Interactive Content and Assessments<\/b><\/li>\n<li><b>Microlearning<\/b><\/li>\n<li><b>Rapid learning<\/b><\/li>\n<li><b>Gamification<\/b><\/li>\n<\/ul>\n\n\t\t<\/div> \n\t<\/div> <div class=\"separator  transparent\" style=\"margin-top: 48px;margin-bottom: 0px;\"><\/div>\n<div class=\"vc_btn3-container vc_btn3-center\" ><a class=\"vc_general vc_btn3 vc_btn3-size-md vc_btn3-shape-rounded vc_btn3-style-modern vc_btn3-color-danger\" href=\"https:\/\/www.cedece.mx\/en\/consultoria\/\" title=\"CONSULTING\">Next<\/a><\/div><\/div><\/div><\/div><\/div><\/div><\/div><div      class=\"vc_row wpb_row section vc_row-fluid  grid_section\" style=' padding-top:70px; padding-bottom:71px; text-align:left;'><div class=\"section_inner clearfix\"><div class='section_inner_margin clearfix'><div class=\"wpb_column vc_column_container vc_col-sm-12\"><div class=\"vc_column-inner\"><div class=\"wpb_wrapper\"><\/div><\/div><\/div><\/div><\/div><\/div>","protected":false},"excerpt":{"rendered":"Utilizamos las herramientas tecnol\u00f3gicas m\u00e1s innovadoras en educaci\u00f3n digital para dise\u00f1ar, implementar y administrar proyectos de e-Learning\u2026 D\u00e9janos conocer tus necesidades para ofrecerte una soluci\u00f3n totalmente personalizada. PROCESO DE DISE\u00d1O INTERACTIVO E-LEARNING 1 Identificamos necesidades Exploramos qu\u00e9 es lo que necesitas, el perfil de los...","protected":false},"author":2,"featured_media":0,"parent":0,"menu_order":0,"comment_status":"open","ping_status":"closed","template":"full_width.php","meta":{"_joinchat":[],"footnotes":""},"class_list":["post-13383","page","type-page","status-publish","hentry"],"_links":{"self":[{"href":"https:\/\/www.cedece.mx\/en\/wp-json\/wp\/v2\/pages\/13383","targetHints":{"allow":["GET"]}}],"collection":[{"href":"https:\/\/www.cedece.mx\/en\/wp-json\/wp\/v2\/pages"}],"about":[{"href":"https:\/\/www.cedece.mx\/en\/wp-json\/wp\/v2\/types\/page"}],"author":[{"embeddable":true,"href":"https:\/\/www.cedece.mx\/en\/wp-json\/wp\/v2\/users\/2"}],"replies":[{"embeddable":true,"href":"https:\/\/www.cedece.mx\/en\/wp-json\/wp\/v2\/comments?post=13383"}],"version-history":[{"count":21,"href":"https:\/\/www.cedece.mx\/en\/wp-json\/wp\/v2\/pages\/13383\/revisions"}],"predecessor-version":[{"id":15250,"href":"https:\/\/www.cedece.mx\/en\/wp-json\/wp\/v2\/pages\/13383\/revisions\/15250"}],"wp:attachment":[{"href":"https:\/\/www.cedece.mx\/en\/wp-json\/wp\/v2\/media?parent=13383"}],"curies":[{"name":"wp","href":"https:\/\/api.w.org\/{rel}","templated":true}]}}