{"id":11050,"date":"2019-12-13T16:52:14","date_gmt":"2019-12-13T16:52:14","guid":{"rendered":"https:\/\/cedece.mx\/?page_id=11050"},"modified":"2020-01-06T20:16:16","modified_gmt":"2020-01-06T20:16:16","slug":"prueba","status":"publish","type":"page","link":"https:\/\/www.cedece.mx\/en\/prueba\/","title":{"rendered":"Specialized Hosting In Moodle"},"content":{"rendered":"<p><!--vcv no format--><\/p>\n<div class=\"vce-row-container\">\n<div class=\"vce-row vce-row--col-gap-30 vce-row-columns--top vce-row-content--bottom\" data-vce-full-width=\"true\" data-vce-stretch-content=\"true\" id=\"el-a0f3e98a\" data-vce-do-apply=\"all el-a0f3e98a\">\n<div class=\"vce-content-background-container\"><\/div>\n<div class=\"vce-row-content\" data-vce-element-content=\"true\">\n<div class=\"vce-col vce-col--md-59-87p vce-col--xs-1 vce-col--xs-last vce-col--xs-first vce-col--sm-last vce-col--sm-first vce-col--md-first vce-col--lg-first vce-col--xl-first\" id=\"el-e38a2032\">\n<div class=\"vce-col-inner\" data-vce-do-apply=\"border margin background  el-e38a2032\">\n<div class=\"vce-content-background-container\"><\/div>\n<div class=\"vce-col-content\" data-vce-element-content=\"true\" data-vce-do-apply=\"padding el-e38a2032\">\n<div class=\"vce-text-block\">\n<div class=\"vce-text-block-wrapper vce\" id=\"el-d94f5bc5\" data-vce-do-apply=\"all el-d94f5bc5\">\n<p style=\"text-align: justify;\">Moodle is a learning platform designed to provide educators, administrators and students a unique integrated system, strong and secure integrated to create personalized learning environments.\nMoodle is the most popular E-learning platform in the world with more than 40,000 installed virtual schools and more than 30 million users.<\/p>\n<p style=\"text-align: justify;\">Our Specialized Hosting in Moodle is based on optimized infrastructure Cloud services to be able to receive multiple concurrent visits, thus, your virtual Moodle classroom will always function in an optimum way.<\/p>\n<\/div>\n<\/div>\n<\/div>\n<\/div>\n<\/div>\n<div class=\"vce-col vce-col--md-40-12p vce-col--xs-1 vce-col--xs-last vce-col--xs-first vce-col--sm-last vce-col--sm-first vce-col--md-last vce-col--lg-last vce-col--xl-last\" id=\"el-12eab834\">\n<div class=\"vce-col-inner\" data-vce-do-apply=\"border margin background  el-12eab834\">\n<div class=\"vce-content-background-container\"><\/div>\n<div class=\"vce-col-content\" data-vce-element-content=\"true\" data-vce-do-apply=\"padding el-12eab834\">\n<div class=\"vce-single-image-container vce-single-image--align-left\">\n<div class=\"vce vce-single-image-wrapper\" id=\"el-34ff9495\" data-vce-do-apply=\"all el-34ff9495\">\n<figure>\n<div class=\"vce-single-image-inner vce-single-image--absolute\" style=\"padding-bottom: 63.3333%; width: 300px;\"><img class=\"vce-single-image\" width=\"300\" height=\"190\"src=\"|!|vcvUploadUrl|!|\/2020\/01\/MOODLE_Mesa-de-trabajo-1-300x190.png\" srcset=\"|!|vcvUploadUrl|!|\/2020\/01\/MOODLE_Mesa-de-trabajo-1-300x190.png 300w\" data-img-src=\"|!|vcvUploadUrl|!|\/2019\/11\/MOODLE_Mesa-de-trabajo-1.png\" alt=\"\" title=\"MOODLE_Mesa de trabajo 1\"\/><\/div>\n<\/figure>\n<\/div>\n<\/div>\n<\/div>\n<\/div>\n<\/div>\n<\/div>\n<\/div>\n<\/div>\n<p><!--vcv no format--><\/p>","protected":false},"excerpt":{"rendered":"<p>Moodle es una plataforma de aprendizaje dise\u00f1ada para proporcionar a educadores, administradores y estudiantes un sistema integrado \u00fanico, robusto y seguro para crear ambientes de aprendizaje personalizados. Moodle es la plataforma deE-Learning m\u00e1s popular en el mundo, con m\u00e1s de 40.000 escuelas virtuales instaladas y&#8230;<\/p>","protected":false},"author":2,"featured_media":11074,"parent":0,"menu_order":0,"comment_status":"closed","ping_status":"closed","template":"","meta":{"_joinchat":[],"footnotes":""},"class_list":["post-11050","page","type-page","status-publish","has-post-thumbnail","hentry"],"_links":{"self":[{"href":"https:\/\/www.cedece.mx\/en\/wp-json\/wp\/v2\/pages\/11050","targetHints":{"allow":["GET"]}}],"collection":[{"href":"https:\/\/www.cedece.mx\/en\/wp-json\/wp\/v2\/pages"}],"about":[{"href":"https:\/\/www.cedece.mx\/en\/wp-json\/wp\/v2\/types\/page"}],"author":[{"embeddable":true,"href":"https:\/\/www.cedece.mx\/en\/wp-json\/wp\/v2\/users\/2"}],"replies":[{"embeddable":true,"href":"https:\/\/www.cedece.mx\/en\/wp-json\/wp\/v2\/comments?post=11050"}],"version-history":[{"count":21,"href":"https:\/\/www.cedece.mx\/en\/wp-json\/wp\/v2\/pages\/11050\/revisions"}],"predecessor-version":[{"id":11189,"href":"https:\/\/www.cedece.mx\/en\/wp-json\/wp\/v2\/pages\/11050\/revisions\/11189"}],"wp:featuredmedia":[{"embeddable":true,"href":"https:\/\/www.cedece.mx\/en\/wp-json\/wp\/v2\/media\/11074"}],"wp:attachment":[{"href":"https:\/\/www.cedece.mx\/en\/wp-json\/wp\/v2\/media?parent=11050"}],"curies":[{"name":"wp","href":"https:\/\/api.w.org\/{rel}","templated":true}]}}