{"id":10886,"date":"2019-11-26T17:57:58","date_gmt":"2019-11-26T17:57:58","guid":{"rendered":"https:\/\/cedece.mx\/?page_id=10886"},"modified":"2019-11-26T19:42:39","modified_gmt":"2019-11-26T19:42:39","slug":"hosting-especializado-en-moodle","status":"publish","type":"page","link":"https:\/\/www.cedece.mx\/en\/home-page\/hosting-especializado-en-moodle\/","title":{"rendered":"Specialized Hosting in Moodle"},"content":{"rendered":"<p><!--vcv no format--><\/p>\n<div class=\"vce-row-container\">\n<div class=\"vce-row vce-row--col-gap-30 vce-row-columns--top vce-row-content--top\" id=\"el-80955ce7\" data-vce-do-apply=\"all el-80955ce7\">\n<div class=\"vce-row-content\" data-vce-element-content=\"true\">\n<div class=\"vce-col vce-col--md-auto vce-col--xs-1 vce-col--xs-last vce-col--xs-first vce-col--sm-last vce-col--sm-first vce-col--md-last vce-col--lg-last vce-col--xl-last vce-col--md-first vce-col--lg-first vce-col--xl-first\" id=\"el-eaa99618\">\n<div class=\"vce-col-inner\" data-vce-do-apply=\"border margin background  el-eaa99618\">\n<div class=\"vce-col-content\" data-vce-element-content=\"true\" data-vce-do-apply=\"padding el-eaa99618\">\n<div class=\"vce-text-block\">\n<div class=\"vce-text-block-wrapper vce\" id=\"el-1913f937\" data-vce-do-apply=\"all el-1913f937\">\n<div      class=\"vc_row wpb_row section vc_row-fluid\" style=' text-align:left;'><div class=\"full_section_inner clearfix\"><div class=\"wpb_column vc_column_container vc_col-sm-12\"><div class=\"vc_column-inner\"><div class=\"wpb_wrapper\">\n\t<div class=\"wpb_text_column wpb_content_element\">\n\t\t<div class=\"wpb_wrapper\">\n\t\t\t<p class=\"p1\"><span style=\"font-size: 14pt;\">Moodle es una plataforma de aprendizaje dise\u00f1ada para proporcionar a educadores, administradores y estudiantes, un sistema integrado \u00fanico, robusto y seguro para crear ambientes de aprendizaje personalizados.<\/span><\/p>\n<p class=\"p1\"><span style=\"font-size: 14pt;\">Moodle es la plataforma E-Learning m\u00e1s popular en el mundo, con m\u00e1s de 40,000 escuelas virtuales instaladas y m\u00e1s de 30 millones de usuarios.<\/span><\/p>\n<p class=\"p1\"><span style=\"font-size: 14pt;\">Nuestro Hosting especializado en Moodle est\u00e1 basado en infraestructura de servidores Cloud optimizados para recibir m\u00faltiples visitas concurrentes, de esta forma, tu aula virtual Moodle siempre funcionar\u00e1 de manera \u00f3ptima.<\/span><\/p>\n\n\t\t<\/div> \n\t<\/div> <\/div><\/div><\/div><\/div><\/div><div      class=\"vc_row wpb_row section vc_row-fluid\" style=' text-align:left;'><div class=\"full_section_inner clearfix\"><div class=\"wpb_column vc_column_container vc_col-sm-12\"><div class=\"vc_column-inner\"><div class=\"wpb_wrapper\">\n\t<div class=\"wpb_single_image wpb_content_element vc_align_center\">\n\t\t<div class=\"wpb_wrapper\">\n\t\t\t\n\t\t\t<div class=\"vc_single_image-wrapper   vc_box_border_grey\"><img loading=\"lazy\" decoding=\"async\" width=\"1650\" height=\"657\" src=\"https:\/\/www.cedece.mx\/wp-content\/uploads\/2019\/11\/ESP-EN-MOODLE-01.png\" class=\"vc_single_image-img attachment-full\" alt=\"\" srcset=\"https:\/\/www.cedece.mx\/wp-content\/uploads\/2019\/11\/ESP-EN-MOODLE-01.png 1650w, https:\/\/www.cedece.mx\/wp-content\/uploads\/2019\/11\/ESP-EN-MOODLE-01-300x119.png 300w, https:\/\/www.cedece.mx\/wp-content\/uploads\/2019\/11\/ESP-EN-MOODLE-01-1024x408.png 1024w, https:\/\/www.cedece.mx\/wp-content\/uploads\/2019\/11\/ESP-EN-MOODLE-01-768x306.png 768w, https:\/\/www.cedece.mx\/wp-content\/uploads\/2019\/11\/ESP-EN-MOODLE-01-1536x612.png 1536w\" sizes=\"auto, (max-width: 1650px) 100vw, 1650px\" \/><\/div>\n\t\t<\/div>\n\t<\/div>\n<\/div><\/div><\/div><\/div><\/div>\n<\/div>\n<\/div>\n<\/div>\n<\/div>\n<\/div>\n<\/div>\n<\/div>\n<\/div>\n<p><!--vcv no format--><\/p>","protected":false},"excerpt":{"rendered":"Moodle es una plataforma de aprendizaje dise\u00f1ada para proporcionar a educadores, administradores y estudiantes, un sistema integrado \u00fanico, robusto y seguro para crear ambientes de aprendizaje personalizados. Moodle es la plataforma E-Learning m\u00e1s popular en el mundo, con m\u00e1s de 40,000 escuelas virtuales instaladas y...","protected":false},"author":2,"featured_media":0,"parent":112,"menu_order":0,"comment_status":"closed","ping_status":"closed","template":"","meta":{"_joinchat":[],"footnotes":""},"class_list":["post-10886","page","type-page","status-publish","hentry"],"_links":{"self":[{"href":"https:\/\/www.cedece.mx\/en\/wp-json\/wp\/v2\/pages\/10886","targetHints":{"allow":["GET"]}}],"collection":[{"href":"https:\/\/www.cedece.mx\/en\/wp-json\/wp\/v2\/pages"}],"about":[{"href":"https:\/\/www.cedece.mx\/en\/wp-json\/wp\/v2\/types\/page"}],"author":[{"embeddable":true,"href":"https:\/\/www.cedece.mx\/en\/wp-json\/wp\/v2\/users\/2"}],"replies":[{"embeddable":true,"href":"https:\/\/www.cedece.mx\/en\/wp-json\/wp\/v2\/comments?post=10886"}],"version-history":[{"count":3,"href":"https:\/\/www.cedece.mx\/en\/wp-json\/wp\/v2\/pages\/10886\/revisions"}],"predecessor-version":[{"id":10896,"href":"https:\/\/www.cedece.mx\/en\/wp-json\/wp\/v2\/pages\/10886\/revisions\/10896"}],"up":[{"embeddable":true,"href":"https:\/\/www.cedece.mx\/en\/wp-json\/wp\/v2\/pages\/112"}],"wp:attachment":[{"href":"https:\/\/www.cedece.mx\/en\/wp-json\/wp\/v2\/media?parent=10886"}],"curies":[{"name":"wp","href":"https:\/\/api.w.org\/{rel}","templated":true}]}}